{"id":11,"date":"2024-06-02T15:44:38","date_gmt":"2024-06-02T12:44:38","guid":{"rendered":"https:\/\/sultan365slot.com\/?page_id=11"},"modified":"2024-06-03T04:04:22","modified_gmt":"2024-06-03T01:04:22","slug":"most-popular-games-at-sultan-365-casino","status":"publish","type":"page","link":"https:\/\/sultan365slot.com\/ro\/most-popular-games-at-sultan-365-casino\/","title":{"rendered":"Cele mai populare jocuri la Casino Sultan 365"},"content":{"rendered":"<p><span style=\"font-weight: 400;\">Casino-ul Sultan 365 ofer\u0103 juc\u0103torilor s\u0103i o selec\u021bie larg\u0103 de jocuri de noroc, fiecare oferind o experien\u021b\u0103 de joc unic\u0103. Aici ve\u021bi g\u0103si totul, de la sloturi palpitante p\u00e2n\u0103 la jocuri de mas\u0103 strategice \u0219i cazinouri live incitante. S\u0103 arunc\u0103m o privire asupra celor mai populare jocuri care atrag juc\u0103torii pe platforma Sultan 365.<\/span><\/p>\n<h2><b>Sloturi<\/b><\/h2>\n<ol>\n<li><b> Book of Ra<\/b><span style=\"font-weight: 400;\"> Acest slot clasic de la Novomatic a devenit iconic printre entuzia\u0219tii de jocuri de noroc datorit\u0103 temei sale din Egiptul Antic \u0219i \u0219ansei de a c\u00e2\u0219tiga premii mari. Jocul include cinci role \u0219i zece linii de plat\u0103, precum \u0219i un runda bonus captivant\u0103 cu rotiri gratuite.<\/span><\/li>\n<li><b> Starburst<\/b><span style=\"font-weight: 400;\"> Dezvoltat de NetEnt, Starburst ofer\u0103 grafic\u0103 vibrant\u0103 \u0219i un gameplay incitant. Acest slot cu cinci role \u0219i zece linii de plat\u0103 este cunoscut pentru wild-urile extensibile \u0219i c\u00e2\u0219tigurile mari.<\/span><\/li>\n<li><b> Gonzo&#8217;s Quest<\/b><span style=\"font-weight: 400;\"> Acest slot popular de la NetEnt \u00eei poart\u0103 pe juc\u0103tori \u00eentr-o aventur\u0103 captivant\u0103 \u00een c\u0103utarea comorilor cu conquistadorul Gonzo. Mecanica unic\u0103 a rolelor care cad \u0219i multiplicatorii de c\u00e2\u0219tiguri fac jocul deosebit de captivant.<\/span><\/li>\n<\/ol>\n<h2><b>Jocuri de Mas\u0103<\/b><\/h2>\n<ol>\n<li><b> Rulet\u0103<\/b><span style=\"font-weight: 400;\"> Ruleta este unul dintre cele mai populare jocuri de mas\u0103 la Casino-ul Sultan 365. Oferim mai multe variante ale acestui joc clasic, inclusiv ruleta european\u0103, american\u0103 \u0219i francez\u0103. Juc\u0103torii se pot bucura de un gameplay palpitant \u0219i pot plasa paria pe numerele sau combina\u021biile lor preferate.<\/span><\/li>\n<li><b> Blackjack<\/b><span style=\"font-weight: 400;\"> Blackjack-ul atrage juc\u0103torii cu combina\u021bia sa de strategie \u0219i noroc. La Sultan 365, ve\u021bi g\u0103si multe variante ale acestui joc, inclusiv blackjack clasic, blackjack european \u0219i blackjack cu mai multe m\u00e2ini. Testa\u021bi-v\u0103 norocul \u0219i abilit\u0103\u021bile \u00een timp ce v\u0103 \u00eendrepta\u021bi c\u0103tre 21 de puncte.<\/span><\/li>\n<li><b> Baccarat<\/b><span style=\"font-weight: 400;\"> Acest joc elegant de c\u0103r\u021bi este, de asemenea, foarte popular printre juc\u0103tori. La Sultan 365, baccarat-ul ofer\u0103 diverse op\u021biuni de pariere \u0219i reguli, f\u0103c\u00e2ndu-l accesibil at\u00e2t pentru \u00eencep\u0103tori, c\u00e2t \u0219i pentru juc\u0103torii experimenta\u021bi.<\/span><\/li>\n<\/ol>\n<h2><b>Cazinou Live<\/b><\/h2>\n<ol>\n<li><b> Rulet\u0103 Live<\/b><span style=\"font-weight: 400;\"> Jocurile live cu dealeri reali permit juc\u0103torilor s\u0103 simt\u0103 atmosfera unui cazinou real din confortul casei lor. Ruleta live este transmis\u0103 \u00een calitate \u00eenalt\u0103 \u0219i v\u0103 permite s\u0103 plasa\u021bi pariuri \u00een timp real.<\/span><\/li>\n<li><b> Blackjack Live<\/b><span style=\"font-weight: 400;\"> \u00cenmuia\u021bi-v\u0103 \u00een lumea incitant\u0103 a blackjack-ului live cu dealeri profesioni\u0219ti. Blackjack-ul live ofer\u0103 diverse op\u021biuni de pariere \u0219i posibilitatea de a discuta cu dealerul \u0219i ceilal\u021bi juc\u0103tori.<\/span><\/li>\n<li><b> Baccarat Live<\/b><span style=\"font-weight: 400;\"> Bucura\u021bi-v\u0103 de gameplay-ul captivant al baccarat-ului live, unde dealerii reali conduc jocul \u00een timp real. Aceast\u0103 variant\u0103 de joc ofer\u0103 servicii de \u00eenalt\u0103 calitate \u0219i gameplay realist.<\/span><\/li>\n<\/ol>\n<h2><b>Poker Video<\/b><\/h2>\n<ol>\n<li><b> Jacks or Better<\/b><span style=\"font-weight: 400;\"> Acest poker video clasic r\u0103m\u00e2ne unul dintre preferatele juc\u0103torilor datorit\u0103 regulilor sale simple \u0219i pl\u0103\u021bilor mari. Colecta\u021bi combina\u021bii de c\u0103r\u021bi \u0219i c\u00e2\u0219tiga\u021bi premii mari.<\/span><\/li>\n<li><b> Deuces Wild<\/b><span style=\"font-weight: 400;\"> \u00cen aceast\u0103 versiune de poker video, deuces ac\u021bioneaz\u0103 ca \u0219i c\u0103r\u021bi wild, cresc\u00e2nd semnificativ \u0219ansele de c\u00e2\u0219tig. Deuces Wild ofer\u0103 un gameplay interesant \u0219i c\u00e2\u0219tiguri mari.<\/span><\/li>\n<li><b> Joker Poker<\/b><span style=\"font-weight: 400;\"> Joker Poker folose\u0219te un pachet standard cu ad\u0103ugarea unui joker, care poate \u00eenlocui orice carte. Acest lucru adaug\u0103 un element de imprevizibilitate \u0219i face jocul deosebit de captivant.<\/span><\/li>\n<\/ol>\n<h2><b>Concluzie<\/b><\/h2>\n<p><span style=\"font-weight: 400;\">Casino Sultan 365 ofer\u0103 juc\u0103torilor s\u0103i o selec\u021bie imens\u0103 de jocuri populare, fiecare garant\u00e2nd o experien\u021b\u0103 de joc de neuitat. Indiferent de preferin\u021bele tale &#8211; fie c\u0103 sunt sloturi, jocuri de mas\u0103 sau cazino live &#8211; avem ceva pentru fiecare. Al\u0103tur\u0103-te nou\u0103 ast\u0103zi \u0219i descoper\u0103 lumea jocurilor de noroc captivante la Casino Sultan 365!<\/span><\/p>\n","protected":false},"excerpt":{"rendered":"<p>Casino-ul Sultan 365 ofer\u0103 juc\u0103torilor s\u0103i o selec\u021bie larg\u0103 de jocuri de noroc, fiecare oferind o experien\u021b\u0103 de joc unic\u0103. Aici ve\u021bi g\u0103si totul, de la sloturi palpitante p\u00e2n\u0103 la jocuri de mas\u0103 strategice \u0219i cazinouri live incitante. S\u0103 arunc\u0103m o privire asupra celor mai populare jocuri care atrag juc\u0103torii pe platforma Sultan 365. Sloturi&#8230;<\/p>\n","protected":false},"author":1,"featured_media":0,"parent":0,"menu_order":0,"comment_status":"closed","ping_status":"closed","template":"","meta":{"footnotes":""},"class_list":["post-11","page","type-page","status-publish","hentry"],"yoast_head":"<!-- This site is optimized with the Yoast SEO plugin v27.2 - https:\/\/yoast.com\/product\/yoast-seo-wordpress\/ -->\n<title>\u0421\u0430\u043c\u044b\u0435 \u043f\u043e\u043f\u0443\u043b\u044f\u0440\u043d\u044b\u0435 \u0438\u0433\u0440\u044b \u043a\u0430\u0437\u0438\u043d\u043e \u0421\u0443\u043b\u0442\u0430\u043d<\/title>\n<meta name=\"description\" content=\"Am adunat cele mai populare jocuri de la casino-ul online Sultan 365. Sloturi, rulet\u0103, jocuri crash \u0219i multe altele.\" \/>\n<meta name=\"robots\" content=\"index, follow, max-snippet:-1, max-image-preview:large, max-video-preview:-1\" \/>\n<link rel=\"canonical\" href=\"https:\/\/sultan365slot.com\/ro\/most-popular-games-at-sultan-365-casino\/\" \/>\n<meta property=\"og:locale\" content=\"ro_RO\" \/>\n<meta property=\"og:locale:alternate\" content=\"ru_RU\" \/>\n<meta property=\"og:locale:alternate\" content=\"en_US\" \/>\n<meta property=\"og:locale:alternate\" content=\"pt_PT\" \/>\n<meta property=\"og:locale:alternate\" content=\"it_IT\" \/>\n<meta property=\"og:locale:alternate\" content=\"sr_RS\" \/>\n<meta property=\"og:locale:alternate\" content=\"bg_BG\" \/>\n<meta property=\"og:type\" content=\"article\" \/>\n<meta property=\"og:title\" content=\"\u0421\u0430\u043c\u044b\u0435 \u043f\u043e\u043f\u0443\u043b\u044f\u0440\u043d\u044b\u0435 \u0438\u0433\u0440\u044b \u043a\u0430\u0437\u0438\u043d\u043e \u0421\u0443\u043b\u0442\u0430\u043d\" \/>\n<meta property=\"og:description\" content=\"\u041c\u044b \u0441\u043e\u0431\u0440\u0430\u043b\u0438 \u0441\u0430\u043c\u044b\u0435 \u043f\u043e\u043f\u0443\u043b\u044f\u0440\u043d\u044b\u0435 \u0438\u0433\u0440\u044b \u043e\u043d\u043b\u0430\u0439\u043d \u043a\u0430\u0437\u0438\u043d\u043e Sultan 365. \u0421\u043b\u043e\u0442\u044b, \u0440\u0443\u043b\u0435\u0442\u043a\u0438, \u043a\u0440\u0430\u0448 \u0438\u0433\u0440\u044b \u0438 \u043c\u043d\u043e\u0433\u043e\u0435 \u0434\u0440\u0443\u0433\u043e\u0435\" \/>\n<meta property=\"og:url\" content=\"https:\/\/sultan365slot.com\/ro\/most-popular-games-at-sultan-365-casino\/\" \/>\n<meta property=\"og:site_name\" content=\"Sultan\" \/>\n<meta property=\"article:modified_time\" content=\"2024-06-03T01:04:22+00:00\" \/>\n<meta name=\"twitter:card\" content=\"summary_large_image\" \/>\n<meta name=\"twitter:label1\" content=\"Timp estimat pentru citire\" \/>\n\t<meta name=\"twitter:data1\" content=\"12 minute\" \/>\n<script type=\"application\/ld+json\" class=\"yoast-schema-graph\">{\"@context\":\"https:\/\/schema.org\",\"@graph\":[{\"@type\":\"WebPage\",\"@id\":\"https:\/\/sultan365slot.com\/most-popular-games-at-sultan-365-casino\/\",\"url\":\"https:\/\/sultan365slot.com\/most-popular-games-at-sultan-365-casino\/\",\"name\":\"\u0421\u0430\u043c\u044b\u0435 \u043f\u043e\u043f\u0443\u043b\u044f\u0440\u043d\u044b\u0435 \u0438\u0433\u0440\u044b \u043a\u0430\u0437\u0438\u043d\u043e \u0421\u0443\u043b\u0442\u0430\u043d\",\"isPartOf\":{\"@id\":\"https:\/\/sultan365slot.com\/#website\"},\"datePublished\":\"2024-06-02T12:44:38+00:00\",\"dateModified\":\"2024-06-03T01:04:22+00:00\",\"description\":\"\u041c\u044b \u0441\u043e\u0431\u0440\u0430\u043b\u0438 \u0441\u0430\u043c\u044b\u0435 \u043f\u043e\u043f\u0443\u043b\u044f\u0440\u043d\u044b\u0435 \u0438\u0433\u0440\u044b \u043e\u043d\u043b\u0430\u0439\u043d \u043a\u0430\u0437\u0438\u043d\u043e Sultan 365. \u0421\u043b\u043e\u0442\u044b, \u0440\u0443\u043b\u0435\u0442\u043a\u0438, \u043a\u0440\u0430\u0448 \u0438\u0433\u0440\u044b \u0438 \u043c\u043d\u043e\u0433\u043e\u0435 \u0434\u0440\u0443\u0433\u043e\u0435\",\"breadcrumb\":{\"@id\":\"https:\/\/sultan365slot.com\/most-popular-games-at-sultan-365-casino\/#breadcrumb\"},\"inLanguage\":\"ro-RO\",\"potentialAction\":[{\"@type\":\"ReadAction\",\"target\":[\"https:\/\/sultan365slot.com\/most-popular-games-at-sultan-365-casino\/\"]}]},{\"@type\":\"BreadcrumbList\",\"@id\":\"https:\/\/sultan365slot.com\/most-popular-games-at-sultan-365-casino\/#breadcrumb\",\"itemListElement\":[{\"@type\":\"ListItem\",\"position\":1,\"name\":\"\u0413\u043b\u0430\u0432\u043d\u0430\u044f \u0441\u0442\u0440\u0430\u043d\u0438\u0446\u0430\",\"item\":\"https:\/\/sultan365slot.com\/\"},{\"@type\":\"ListItem\",\"position\":2,\"name\":\"\u0421\u0430\u043c\u044b\u0435 \u043f\u043e\u043f\u0443\u043b\u044f\u0440\u043d\u044b\u0435 \u0438\u0433\u0440\u044b \u0432 \u043a\u0430\u0437\u0438\u043d\u043e Sultan 365\"}]},{\"@type\":\"WebSite\",\"@id\":\"https:\/\/sultan365slot.com\/#website\",\"url\":\"https:\/\/sultan365slot.com\/\",\"name\":\"Sultan\",\"description\":\"\",\"potentialAction\":[{\"@type\":\"SearchAction\",\"target\":{\"@type\":\"EntryPoint\",\"urlTemplate\":\"https:\/\/sultan365slot.com\/?s={search_term_string}\"},\"query-input\":{\"@type\":\"PropertyValueSpecification\",\"valueRequired\":true,\"valueName\":\"search_term_string\"}}],\"inLanguage\":\"ro-RO\"}]}<\/script>\n<!-- \/ Yoast SEO plugin. -->","yoast_head_json":{"title":"\u0421\u0430\u043c\u044b\u0435 \u043f\u043e\u043f\u0443\u043b\u044f\u0440\u043d\u044b\u0435 \u0438\u0433\u0440\u044b \u043a\u0430\u0437\u0438\u043d\u043e \u0421\u0443\u043b\u0442\u0430\u043d","description":"Am adunat cele mai populare jocuri de la casino-ul online Sultan 365. Sloturi, rulet\u0103, jocuri crash \u0219i multe altele.","robots":{"index":"index","follow":"follow","max-snippet":"max-snippet:-1","max-image-preview":"max-image-preview:large","max-video-preview":"max-video-preview:-1"},"canonical":"https:\/\/sultan365slot.com\/ro\/most-popular-games-at-sultan-365-casino\/","og_locale":"ro_RO","og_type":"article","og_title":"\u0421\u0430\u043c\u044b\u0435 \u043f\u043e\u043f\u0443\u043b\u044f\u0440\u043d\u044b\u0435 \u0438\u0433\u0440\u044b \u043a\u0430\u0437\u0438\u043d\u043e \u0421\u0443\u043b\u0442\u0430\u043d","og_description":"\u041c\u044b \u0441\u043e\u0431\u0440\u0430\u043b\u0438 \u0441\u0430\u043c\u044b\u0435 \u043f\u043e\u043f\u0443\u043b\u044f\u0440\u043d\u044b\u0435 \u0438\u0433\u0440\u044b \u043e\u043d\u043b\u0430\u0439\u043d \u043a\u0430\u0437\u0438\u043d\u043e Sultan 365. \u0421\u043b\u043e\u0442\u044b, \u0440\u0443\u043b\u0435\u0442\u043a\u0438, \u043a\u0440\u0430\u0448 \u0438\u0433\u0440\u044b \u0438 \u043c\u043d\u043e\u0433\u043e\u0435 \u0434\u0440\u0443\u0433\u043e\u0435","og_url":"https:\/\/sultan365slot.com\/ro\/most-popular-games-at-sultan-365-casino\/","og_site_name":"Sultan","article_modified_time":"2024-06-03T01:04:22+00:00","twitter_card":"summary_large_image","twitter_misc":{"Timp estimat pentru citire":"12 minute"},"schema":{"@context":"https:\/\/schema.org","@graph":[{"@type":"WebPage","@id":"https:\/\/sultan365slot.com\/most-popular-games-at-sultan-365-casino\/","url":"https:\/\/sultan365slot.com\/most-popular-games-at-sultan-365-casino\/","name":"\u0421\u0430\u043c\u044b\u0435 \u043f\u043e\u043f\u0443\u043b\u044f\u0440\u043d\u044b\u0435 \u0438\u0433\u0440\u044b \u043a\u0430\u0437\u0438\u043d\u043e \u0421\u0443\u043b\u0442\u0430\u043d","isPartOf":{"@id":"https:\/\/sultan365slot.com\/#website"},"datePublished":"2024-06-02T12:44:38+00:00","dateModified":"2024-06-03T01:04:22+00:00","description":"\u041c\u044b \u0441\u043e\u0431\u0440\u0430\u043b\u0438 \u0441\u0430\u043c\u044b\u0435 \u043f\u043e\u043f\u0443\u043b\u044f\u0440\u043d\u044b\u0435 \u0438\u0433\u0440\u044b \u043e\u043d\u043b\u0430\u0439\u043d \u043a\u0430\u0437\u0438\u043d\u043e Sultan 365. \u0421\u043b\u043e\u0442\u044b, \u0440\u0443\u043b\u0435\u0442\u043a\u0438, \u043a\u0440\u0430\u0448 \u0438\u0433\u0440\u044b \u0438 \u043c\u043d\u043e\u0433\u043e\u0435 \u0434\u0440\u0443\u0433\u043e\u0435","breadcrumb":{"@id":"https:\/\/sultan365slot.com\/most-popular-games-at-sultan-365-casino\/#breadcrumb"},"inLanguage":"ro-RO","potentialAction":[{"@type":"ReadAction","target":["https:\/\/sultan365slot.com\/most-popular-games-at-sultan-365-casino\/"]}]},{"@type":"BreadcrumbList","@id":"https:\/\/sultan365slot.com\/most-popular-games-at-sultan-365-casino\/#breadcrumb","itemListElement":[{"@type":"ListItem","position":1,"name":"\u0413\u043b\u0430\u0432\u043d\u0430\u044f \u0441\u0442\u0440\u0430\u043d\u0438\u0446\u0430","item":"https:\/\/sultan365slot.com\/"},{"@type":"ListItem","position":2,"name":"\u0421\u0430\u043c\u044b\u0435 \u043f\u043e\u043f\u0443\u043b\u044f\u0440\u043d\u044b\u0435 \u0438\u0433\u0440\u044b \u0432 \u043a\u0430\u0437\u0438\u043d\u043e Sultan 365"}]},{"@type":"WebSite","@id":"https:\/\/sultan365slot.com\/#website","url":"https:\/\/sultan365slot.com\/","name":"Sultan","description":"","potentialAction":[{"@type":"SearchAction","target":{"@type":"EntryPoint","urlTemplate":"https:\/\/sultan365slot.com\/?s={search_term_string}"},"query-input":{"@type":"PropertyValueSpecification","valueRequired":true,"valueName":"search_term_string"}}],"inLanguage":"ro-RO"}]}},"_links":{"self":[{"href":"https:\/\/sultan365slot.com\/ro\/wp-json\/wp\/v2\/pages\/11","targetHints":{"allow":["GET"]}}],"collection":[{"href":"https:\/\/sultan365slot.com\/ro\/wp-json\/wp\/v2\/pages"}],"about":[{"href":"https:\/\/sultan365slot.com\/ro\/wp-json\/wp\/v2\/types\/page"}],"author":[{"embeddable":true,"href":"https:\/\/sultan365slot.com\/ro\/wp-json\/wp\/v2\/users\/1"}],"replies":[{"embeddable":true,"href":"https:\/\/sultan365slot.com\/ro\/wp-json\/wp\/v2\/comments?post=11"}],"version-history":[{"count":14,"href":"https:\/\/sultan365slot.com\/ro\/wp-json\/wp\/v2\/pages\/11\/revisions"}],"predecessor-version":[{"id":71,"href":"https:\/\/sultan365slot.com\/ro\/wp-json\/wp\/v2\/pages\/11\/revisions\/71"}],"wp:attachment":[{"href":"https:\/\/sultan365slot.com\/ro\/wp-json\/wp\/v2\/media?parent=11"}],"curies":[{"name":"wp","href":"https:\/\/api.w.org\/{rel}","templated":true}]}}